{"id":3873,"date":"2026-05-11T08:01:07","date_gmt":"2026-05-11T08:01:07","guid":{"rendered":"https:\/\/travelclinic.com\/consumenten\/?page_id=3873"},"modified":"2026-05-11T12:12:43","modified_gmt":"2026-05-11T12:12:43","slug":"vaccinaties-tunesie","status":"publish","type":"page","link":"https:\/\/travelclinic.com\/consumenten\/bestemmingen\/vaccinaties-tunesie\/","title":{"rendered":"Vaccinaties Tunesi\u00eb"},"content":{"rendered":"","protected":false},"excerpt":{"rendered":"","protected":false},"author":4,"featured_media":3910,"parent":3770,"menu_order":4,"comment_status":"closed","ping_status":"closed","template":"","meta":{"_acf_changed":false,"footnotes":""},"class_list":["post-3873","page","type-page","status-publish","has-post-thumbnail","hentry"],"acf":[],"yoast_head":"<!-- This site is optimized with the Yoast SEO plugin v27.6 - https:\/\/yoast.com\/product\/yoast-seo-wordpress\/ -->\n<title>Vaccinaties Tunesi\u00eb | Rotterdam | Particulier \u00e9n zakelijk advies<\/title>\n<meta name=\"description\" content=\"Voor Tunesi\u00eb worden DTP (difterie, tetanus en polio) en hepatitis A geadviseerd. Geen verplichte vaccinaties. Kom langs in onze Travel Clinic\" \/>\n<meta name=\"robots\" content=\"index, follow, max-snippet:-1, max-image-preview:large, max-video-preview:-1\" \/>\n<link rel=\"canonical\" href=\"https:\/\/travelclinic.com\/consumenten\/bestemmingen\/vaccinaties-tunesie\/\" \/>\n<meta property=\"og:locale\" content=\"nl_NL\" \/>\n<meta property=\"og:type\" content=\"article\" \/>\n<meta property=\"og:title\" content=\"Vaccinaties Tunesi\u00eb | Rotterdam | Particulier \u00e9n zakelijk advies\" \/>\n<meta property=\"og:description\" content=\"Voor Tunesi\u00eb worden DTP (difterie, tetanus en polio) en hepatitis A geadviseerd. Geen verplichte vaccinaties. Kom langs in onze Travel Clinic\" \/>\n<meta property=\"og:url\" content=\"https:\/\/travelclinic.com\/consumenten\/bestemmingen\/vaccinaties-tunesie\/\" \/>\n<meta property=\"og:site_name\" content=\"Consumenten\" \/>\n<meta property=\"article:modified_time\" content=\"2026-05-11T12:12:43+00:00\" \/>\n<meta name=\"twitter:card\" content=\"summary_large_image\" \/>\n<meta name=\"twitter:label1\" content=\"Geschatte leestijd\" \/>\n\t<meta name=\"twitter:data1\" content=\"4 minuten\" \/>\n<script type=\"application\/ld+json\" class=\"yoast-schema-graph\">{\"@context\":\"https:\\\/\\\/schema.org\",\"@graph\":[{\"@type\":\"WebPage\",\"@id\":\"https:\\\/\\\/travelclinic.com\\\/consumenten\\\/bestemmingen\\\/vaccinaties-tunesie\\\/\",\"url\":\"https:\\\/\\\/travelclinic.com\\\/consumenten\\\/bestemmingen\\\/vaccinaties-tunesie\\\/\",\"name\":\"Vaccinaties Tunesi\u00eb | Rotterdam | Particulier \u00e9n zakelijk advies\",\"isPartOf\":{\"@id\":\"https:\\\/\\\/travelclinic.com\\\/consumenten\\\/#website\"},\"primaryImageOfPage\":{\"@id\":\"https:\\\/\\\/travelclinic.com\\\/consumenten\\\/bestemmingen\\\/vaccinaties-tunesie\\\/#primaryimage\"},\"image\":{\"@id\":\"https:\\\/\\\/travelclinic.com\\\/consumenten\\\/bestemmingen\\\/vaccinaties-tunesie\\\/#primaryimage\"},\"thumbnailUrl\":\"https:\\\/\\\/travelclinic.com\\\/consumenten\\\/wp-content\\\/uploads\\\/sites\\\/2\\\/2026\\\/04\\\/photo-1605196690813-15582706ac34.avif\",\"datePublished\":\"2026-05-11T08:01:07+00:00\",\"dateModified\":\"2026-05-11T12:12:43+00:00\",\"description\":\"Voor Tunesi\u00eb worden DTP (difterie, tetanus en polio) en hepatitis A geadviseerd. Geen verplichte vaccinaties. Kom langs in onze Travel Clinic\",\"breadcrumb\":{\"@id\":\"https:\\\/\\\/travelclinic.com\\\/consumenten\\\/bestemmingen\\\/vaccinaties-tunesie\\\/#breadcrumb\"},\"inLanguage\":\"nl-NL\",\"potentialAction\":[{\"@type\":\"ReadAction\",\"target\":[\"https:\\\/\\\/travelclinic.com\\\/consumenten\\\/bestemmingen\\\/vaccinaties-tunesie\\\/\"]}]},{\"@type\":\"ImageObject\",\"inLanguage\":\"nl-NL\",\"@id\":\"https:\\\/\\\/travelclinic.com\\\/consumenten\\\/bestemmingen\\\/vaccinaties-tunesie\\\/#primaryimage\",\"url\":\"https:\\\/\\\/travelclinic.com\\\/consumenten\\\/wp-content\\\/uploads\\\/sites\\\/2\\\/2026\\\/04\\\/photo-1605196690813-15582706ac34.avif\",\"contentUrl\":\"https:\\\/\\\/travelclinic.com\\\/consumenten\\\/wp-content\\\/uploads\\\/sites\\\/2\\\/2026\\\/04\\\/photo-1605196690813-15582706ac34.avif\",\"width\":2067,\"height\":1384},{\"@type\":\"BreadcrumbList\",\"@id\":\"https:\\\/\\\/travelclinic.com\\\/consumenten\\\/bestemmingen\\\/vaccinaties-tunesie\\\/#breadcrumb\",\"itemListElement\":[{\"@type\":\"ListItem\",\"position\":1,\"name\":\"Home\",\"item\":\"https:\\\/\\\/travelclinic.com\\\/consumenten\\\/\"},{\"@type\":\"ListItem\",\"position\":2,\"name\":\"Bestemmingen\",\"item\":\"https:\\\/\\\/travelclinic.com\\\/consumenten\\\/bestemmingen\\\/\"},{\"@type\":\"ListItem\",\"position\":3,\"name\":\"Vaccinaties Tunesi\u00eb\"}]},{\"@type\":\"WebSite\",\"@id\":\"https:\\\/\\\/travelclinic.com\\\/consumenten\\\/#website\",\"url\":\"https:\\\/\\\/travelclinic.com\\\/consumenten\\\/\",\"name\":\"Consumenten\",\"description\":\"Just another WordPress site\",\"potentialAction\":[{\"@type\":\"SearchAction\",\"target\":{\"@type\":\"EntryPoint\",\"urlTemplate\":\"https:\\\/\\\/travelclinic.com\\\/consumenten\\\/?s={search_term_string}\"},\"query-input\":{\"@type\":\"PropertyValueSpecification\",\"valueRequired\":true,\"valueName\":\"search_term_string\"}}],\"inLanguage\":\"nl-NL\"}]}<\/script>\n<!-- \/ Yoast SEO plugin. -->","yoast_head_json":{"title":"Vaccinaties Tunesi\u00eb | Rotterdam | Particulier \u00e9n zakelijk advies","description":"Voor Tunesi\u00eb worden DTP (difterie, tetanus en polio) en hepatitis A geadviseerd. Geen verplichte vaccinaties. Kom langs in onze Travel Clinic","robots":{"index":"index","follow":"follow","max-snippet":"max-snippet:-1","max-image-preview":"max-image-preview:large","max-video-preview":"max-video-preview:-1"},"canonical":"https:\/\/travelclinic.com\/consumenten\/bestemmingen\/vaccinaties-tunesie\/","og_locale":"nl_NL","og_type":"article","og_title":"Vaccinaties Tunesi\u00eb | Rotterdam | Particulier \u00e9n zakelijk advies","og_description":"Voor Tunesi\u00eb worden DTP (difterie, tetanus en polio) en hepatitis A geadviseerd. Geen verplichte vaccinaties. Kom langs in onze Travel Clinic","og_url":"https:\/\/travelclinic.com\/consumenten\/bestemmingen\/vaccinaties-tunesie\/","og_site_name":"Consumenten","article_modified_time":"2026-05-11T12:12:43+00:00","twitter_card":"summary_large_image","twitter_misc":{"Geschatte leestijd":"4 minuten"},"schema":{"@context":"https:\/\/schema.org","@graph":[{"@type":"WebPage","@id":"https:\/\/travelclinic.com\/consumenten\/bestemmingen\/vaccinaties-tunesie\/","url":"https:\/\/travelclinic.com\/consumenten\/bestemmingen\/vaccinaties-tunesie\/","name":"Vaccinaties Tunesi\u00eb | Rotterdam | Particulier \u00e9n zakelijk advies","isPartOf":{"@id":"https:\/\/travelclinic.com\/consumenten\/#website"},"primaryImageOfPage":{"@id":"https:\/\/travelclinic.com\/consumenten\/bestemmingen\/vaccinaties-tunesie\/#primaryimage"},"image":{"@id":"https:\/\/travelclinic.com\/consumenten\/bestemmingen\/vaccinaties-tunesie\/#primaryimage"},"thumbnailUrl":"https:\/\/travelclinic.com\/consumenten\/wp-content\/uploads\/sites\/2\/2026\/04\/photo-1605196690813-15582706ac34.avif","datePublished":"2026-05-11T08:01:07+00:00","dateModified":"2026-05-11T12:12:43+00:00","description":"Voor Tunesi\u00eb worden DTP (difterie, tetanus en polio) en hepatitis A geadviseerd. Geen verplichte vaccinaties. Kom langs in onze Travel Clinic","breadcrumb":{"@id":"https:\/\/travelclinic.com\/consumenten\/bestemmingen\/vaccinaties-tunesie\/#breadcrumb"},"inLanguage":"nl-NL","potentialAction":[{"@type":"ReadAction","target":["https:\/\/travelclinic.com\/consumenten\/bestemmingen\/vaccinaties-tunesie\/"]}]},{"@type":"ImageObject","inLanguage":"nl-NL","@id":"https:\/\/travelclinic.com\/consumenten\/bestemmingen\/vaccinaties-tunesie\/#primaryimage","url":"https:\/\/travelclinic.com\/consumenten\/wp-content\/uploads\/sites\/2\/2026\/04\/photo-1605196690813-15582706ac34.avif","contentUrl":"https:\/\/travelclinic.com\/consumenten\/wp-content\/uploads\/sites\/2\/2026\/04\/photo-1605196690813-15582706ac34.avif","width":2067,"height":1384},{"@type":"BreadcrumbList","@id":"https:\/\/travelclinic.com\/consumenten\/bestemmingen\/vaccinaties-tunesie\/#breadcrumb","itemListElement":[{"@type":"ListItem","position":1,"name":"Home","item":"https:\/\/travelclinic.com\/consumenten\/"},{"@type":"ListItem","position":2,"name":"Bestemmingen","item":"https:\/\/travelclinic.com\/consumenten\/bestemmingen\/"},{"@type":"ListItem","position":3,"name":"Vaccinaties Tunesi\u00eb"}]},{"@type":"WebSite","@id":"https:\/\/travelclinic.com\/consumenten\/#website","url":"https:\/\/travelclinic.com\/consumenten\/","name":"Consumenten","description":"Just another WordPress site","potentialAction":[{"@type":"SearchAction","target":{"@type":"EntryPoint","urlTemplate":"https:\/\/travelclinic.com\/consumenten\/?s={search_term_string}"},"query-input":{"@type":"PropertyValueSpecification","valueRequired":true,"valueName":"search_term_string"}}],"inLanguage":"nl-NL"}]}},"_links":{"self":[{"href":"https:\/\/travelclinic.com\/consumenten\/wp-json\/wp\/v2\/pages\/3873","targetHints":{"allow":["GET"]}}],"collection":[{"href":"https:\/\/travelclinic.com\/consumenten\/wp-json\/wp\/v2\/pages"}],"about":[{"href":"https:\/\/travelclinic.com\/consumenten\/wp-json\/wp\/v2\/types\/page"}],"author":[{"embeddable":true,"href":"https:\/\/travelclinic.com\/consumenten\/wp-json\/wp\/v2\/users\/4"}],"replies":[{"embeddable":true,"href":"https:\/\/travelclinic.com\/consumenten\/wp-json\/wp\/v2\/comments?post=3873"}],"version-history":[{"count":4,"href":"https:\/\/travelclinic.com\/consumenten\/wp-json\/wp\/v2\/pages\/3873\/revisions"}],"predecessor-version":[{"id":3959,"href":"https:\/\/travelclinic.com\/consumenten\/wp-json\/wp\/v2\/pages\/3873\/revisions\/3959"}],"up":[{"embeddable":true,"href":"https:\/\/travelclinic.com\/consumenten\/wp-json\/wp\/v2\/pages\/3770"}],"wp:featuredmedia":[{"embeddable":true,"href":"https:\/\/travelclinic.com\/consumenten\/wp-json\/wp\/v2\/media\/3910"}],"wp:attachment":[{"href":"https:\/\/travelclinic.com\/consumenten\/wp-json\/wp\/v2\/media?parent=3873"}],"curies":[{"name":"wp","href":"https:\/\/api.w.org\/{rel}","templated":true}]}}